{"id":8,"date":"2023-10-20T16:13:35","date_gmt":"2023-10-20T14:13:35","guid":{"rendered":"https:\/\/la-cle-du-bien-etre.fr\/?page_id=8"},"modified":"2023-10-20T16:13:35","modified_gmt":"2023-10-20T14:13:35","slug":"pagedattente","status":"publish","type":"page","link":"https:\/\/la-cle-du-bien-etre.fr\/index.php\/pagedattente\/","title":{"rendered":"pagedattente"},"content":{"rendered":"<div id=\"sp-page\" class=\"spBgcover sp-content-4\" style=\"background-color: rgb(255, 255, 255); font-family: 'Helvetica Neue', Arial, sans-serif; font-weight: 400;\">\n<section id=\"sp-ks8a8s\" data-mobile-visibility=\"#sp-ks8a8s|false\" data-desktop-visibility=\"#sp-ks8a8s|false\" data-mobile-css=\"\" class=\"sp-el-section \" style=\"width: 600px; max-width: 100%; padding: 10px;\">\n<div id=\"sp-vw3kvy\" data-mobile-visibility=\"#sp-vw3kvy|false\" data-desktop-visibility=\"#sp-vw3kvy|false\" data-mobile-css=\"\" class=\"sp-el-row sm:sp-flex sp-w-full  sp-m-auto sp-justify-between\" style=\"padding: 0px; width: auto; max-width: 1000px;\">\n<div id=\"sp-ggzp6w\" data-mobile-visibility=\"#sp-ggzp6w|false\" data-desktop-visibility=\"#sp-ggzp6w|false\" data-mobile-css=\"\" class=\"sp-el-col  sp-w-full\" style=\"width: calc(100% + 0px);\">\n<style type=\"text\/css\">\n      #sp-ggzp6w .sp-col-top .seedprod-shape-fill {fill: undefined;} #sp-ggzp6w .sp-col-top svg {width: undefined%;height: undefinedpx;transform: translateX(-50%);} #sp-ggzp6w .sp-col-bottom .seedprod-shape-fill {fill: undefined;} #sp-ggzp6w .sp-col-bottom svg {width: undefined%;height: undefinedpx;transform: translateX(-50%);}\n    <\/style>\n<div class=\"sp-col-shape sp-col-top\" style=\"z-index: 0;\">\n<div><\/div>\n<\/div>\n<div class=\"sp-col-shape sp-col-bottom\" style=\"z-index: 0;\">\n<div><\/div>\n<\/div>\n<figure id=\"sp-brhhwi\" data-mobile-css=\"#sp-brhhwi|text-align:center;\" class=\"sp-image-wrapper sp-el-block\" style=\"margin: 0px; text-align: center;\">\n<div><span><img decoding=\"async\" src=\"https:\/\/assets.seedprod.com\/clock.png\" alt=\"\" width=\"\" height=\"\" data-mobile-visibility=\".sp-image-block-brhhwi|false\" data-desktop-visibility=\".sp-image-block-brhhwi|false\" class=\"sp-image-block-brhhwi\"><\/span><\/div>\n<\/figure>\n<h1 id=\"sp-jkhbii\" data-mobile-css=\".sp-headline-block-jkhbii, #sp-jkhbii, #jkhbii|text-align:center;\" data-mobile-visibility=\".sp-headline-block-jkhbii|false\" data-desktop-visibility=\".sp-headline-block-jkhbii|false\" class=\"sp-css-target sp-el-block sp-headline-block-jkhbii sp-type-header\" style=\"font-size: 52px; font-weight: bold; color: rgb(50, 27, 38); text-align: center; margin: 0px;\">Site en construction<\/h1>\n<div id=\"sp-jdj1i9\" data-mobile-css=\".sp-text-wrapper-jdj1i9, #sp-jdj1i9, #jdj1i9|text-align:left;\" data-mobile-visibility=\".sp-text-wrapper-jdj1i9|false\" data-desktop-visibility=\".sp-text-wrapper-jdj1i9|false\" class=\"sp-css-target sp-text-wrapper sp-el-block sp-text-wrapper-jdj1i9\" style=\"font-size: 16px; color: rgb(50, 27, 38); margin: 0px; text-align: center;\">\n<p>Nous travaillons pour vous offrir une belle exp\u00e9rience !<\/p>\n<\/div>\n<\/div>\n<\/div>\n<\/section>\n<\/div>\n","protected":false},"excerpt":{"rendered":"<p>Site en construction Nous travaillons pour vous offrir une belle exp\u00e9rience !<\/p>\n","protected":false},"author":1,"featured_media":0,"parent":0,"menu_order":0,"comment_status":"closed","ping_status":"closed","template":"","meta":{"om_disable_all_campaigns":false,"_monsterinsights_skip_tracking":false,"_monsterinsights_sitenote_active":false,"_monsterinsights_sitenote_note":"","_monsterinsights_sitenote_category":0,"_uf_show_specific_survey":0,"_uf_disable_surveys":false,"footnotes":""},"class_list":["post-8","page","type-page","status-publish"],"yoast_head":"<!-- This site is optimized with the Yoast SEO plugin v21.7 - https:\/\/yoast.com\/wordpress\/plugins\/seo\/ -->\n<title>pagedattente - La Cl\u00e9 du Bien-\u00eatre<\/title>\n<meta name=\"robots\" content=\"index, follow, max-snippet:-1, max-image-preview:large, max-video-preview:-1\" \/>\n<link rel=\"canonical\" href=\"https:\/\/la-cle-du-bien-etre.fr\/index.php\/pagedattente\/\" \/>\n<meta property=\"og:locale\" content=\"fr_FR\" \/>\n<meta property=\"og:type\" content=\"article\" \/>\n<meta property=\"og:title\" content=\"pagedattente - La Cl\u00e9 du Bien-\u00eatre\" \/>\n<meta property=\"og:description\" content=\"Site en construction Nous travaillons pour vous offrir une belle exp\u00e9rience !\" \/>\n<meta property=\"og:url\" content=\"https:\/\/la-cle-du-bien-etre.fr\/index.php\/pagedattente\/\" \/>\n<meta property=\"og:site_name\" content=\"La Cl\u00e9 du Bien-\u00eatre\" \/>\n<meta property=\"article:publisher\" content=\"https:\/\/www.facebook.com\/profile.php?id=100094429178989\" \/>\n<meta name=\"twitter:card\" content=\"summary_large_image\" \/>\n<script type=\"application\/ld+json\" class=\"yoast-schema-graph\">{\"@context\":\"https:\/\/schema.org\",\"@graph\":[{\"@type\":\"WebPage\",\"@id\":\"https:\/\/la-cle-du-bien-etre.fr\/index.php\/pagedattente\/\",\"url\":\"https:\/\/la-cle-du-bien-etre.fr\/index.php\/pagedattente\/\",\"name\":\"pagedattente - La Cl\u00e9 du Bien-\u00eatre\",\"isPartOf\":{\"@id\":\"https:\/\/la-cle-du-bien-etre.fr\/#website\"},\"datePublished\":\"2023-10-20T14:13:35+00:00\",\"dateModified\":\"2023-10-20T14:13:35+00:00\",\"breadcrumb\":{\"@id\":\"https:\/\/la-cle-du-bien-etre.fr\/index.php\/pagedattente\/#breadcrumb\"},\"inLanguage\":\"fr-FR\",\"potentialAction\":[{\"@type\":\"ReadAction\",\"target\":[\"https:\/\/la-cle-du-bien-etre.fr\/index.php\/pagedattente\/\"]}]},{\"@type\":\"BreadcrumbList\",\"@id\":\"https:\/\/la-cle-du-bien-etre.fr\/index.php\/pagedattente\/#breadcrumb\",\"itemListElement\":[{\"@type\":\"ListItem\",\"position\":1,\"name\":\"Accueil\",\"item\":\"https:\/\/la-cle-du-bien-etre.fr\/\"},{\"@type\":\"ListItem\",\"position\":2,\"name\":\"Nouvelle page (ID #8)\"}]},{\"@type\":\"WebSite\",\"@id\":\"https:\/\/la-cle-du-bien-etre.fr\/#website\",\"url\":\"https:\/\/la-cle-du-bien-etre.fr\/\",\"name\":\"La Cl\u00e9 du Bien-\u00eatre\",\"description\":\"Conseill\u00e8re Nutrition et Bien-\u00eatre Bourges\",\"publisher\":{\"@id\":\"https:\/\/la-cle-du-bien-etre.fr\/#organization\"},\"potentialAction\":[{\"@type\":\"SearchAction\",\"target\":{\"@type\":\"EntryPoint\",\"urlTemplate\":\"https:\/\/la-cle-du-bien-etre.fr\/?s={search_term_string}\"},\"query-input\":\"required name=search_term_string\"}],\"inLanguage\":\"fr-FR\"},{\"@type\":\"Organization\",\"@id\":\"https:\/\/la-cle-du-bien-etre.fr\/#organization\",\"name\":\"La Cl\u00e9 du Bien-\u00eatre\",\"alternateName\":\"Gwendoline Faguet conseill\u00e8re nutrition et bien-\u00eatre\",\"url\":\"https:\/\/la-cle-du-bien-etre.fr\/\",\"logo\":{\"@type\":\"ImageObject\",\"inLanguage\":\"fr-FR\",\"@id\":\"https:\/\/la-cle-du-bien-etre.fr\/#\/schema\/logo\/image\/\",\"url\":\"https:\/\/la-cle-du-bien-etre.fr\/wp-content\/uploads\/2023\/11\/logo-lacledubienetre-site.png\",\"contentUrl\":\"https:\/\/la-cle-du-bien-etre.fr\/wp-content\/uploads\/2023\/11\/logo-lacledubienetre-site.png\",\"width\":4724,\"height\":3780,\"caption\":\"La Cl\u00e9 du Bien-\u00eatre\"},\"image\":{\"@id\":\"https:\/\/la-cle-du-bien-etre.fr\/#\/schema\/logo\/image\/\"},\"sameAs\":[\"https:\/\/www.facebook.com\/profile.php?id=100094429178989\",\"https:\/\/instagram.com\/lacle_du_bienetre?igshid=MTk0NTkyODZkYg==\"]}]}<\/script>\n<!-- \/ Yoast SEO plugin. -->","yoast_head_json":{"title":"pagedattente - La Cl\u00e9 du Bien-\u00eatre","robots":{"index":"index","follow":"follow","max-snippet":"max-snippet:-1","max-image-preview":"max-image-preview:large","max-video-preview":"max-video-preview:-1"},"canonical":"https:\/\/la-cle-du-bien-etre.fr\/index.php\/pagedattente\/","og_locale":"fr_FR","og_type":"article","og_title":"pagedattente - La Cl\u00e9 du Bien-\u00eatre","og_description":"Site en construction Nous travaillons pour vous offrir une belle exp\u00e9rience !","og_url":"https:\/\/la-cle-du-bien-etre.fr\/index.php\/pagedattente\/","og_site_name":"La Cl\u00e9 du Bien-\u00eatre","article_publisher":"https:\/\/www.facebook.com\/profile.php?id=100094429178989","twitter_card":"summary_large_image","schema":{"@context":"https:\/\/schema.org","@graph":[{"@type":"WebPage","@id":"https:\/\/la-cle-du-bien-etre.fr\/index.php\/pagedattente\/","url":"https:\/\/la-cle-du-bien-etre.fr\/index.php\/pagedattente\/","name":"pagedattente - La Cl\u00e9 du Bien-\u00eatre","isPartOf":{"@id":"https:\/\/la-cle-du-bien-etre.fr\/#website"},"datePublished":"2023-10-20T14:13:35+00:00","dateModified":"2023-10-20T14:13:35+00:00","breadcrumb":{"@id":"https:\/\/la-cle-du-bien-etre.fr\/index.php\/pagedattente\/#breadcrumb"},"inLanguage":"fr-FR","potentialAction":[{"@type":"ReadAction","target":["https:\/\/la-cle-du-bien-etre.fr\/index.php\/pagedattente\/"]}]},{"@type":"BreadcrumbList","@id":"https:\/\/la-cle-du-bien-etre.fr\/index.php\/pagedattente\/#breadcrumb","itemListElement":[{"@type":"ListItem","position":1,"name":"Accueil","item":"https:\/\/la-cle-du-bien-etre.fr\/"},{"@type":"ListItem","position":2,"name":"Nouvelle page (ID #8)"}]},{"@type":"WebSite","@id":"https:\/\/la-cle-du-bien-etre.fr\/#website","url":"https:\/\/la-cle-du-bien-etre.fr\/","name":"La Cl\u00e9 du Bien-\u00eatre","description":"Conseill\u00e8re Nutrition et Bien-\u00eatre Bourges","publisher":{"@id":"https:\/\/la-cle-du-bien-etre.fr\/#organization"},"potentialAction":[{"@type":"SearchAction","target":{"@type":"EntryPoint","urlTemplate":"https:\/\/la-cle-du-bien-etre.fr\/?s={search_term_string}"},"query-input":"required name=search_term_string"}],"inLanguage":"fr-FR"},{"@type":"Organization","@id":"https:\/\/la-cle-du-bien-etre.fr\/#organization","name":"La Cl\u00e9 du Bien-\u00eatre","alternateName":"Gwendoline Faguet conseill\u00e8re nutrition et bien-\u00eatre","url":"https:\/\/la-cle-du-bien-etre.fr\/","logo":{"@type":"ImageObject","inLanguage":"fr-FR","@id":"https:\/\/la-cle-du-bien-etre.fr\/#\/schema\/logo\/image\/","url":"https:\/\/la-cle-du-bien-etre.fr\/wp-content\/uploads\/2023\/11\/logo-lacledubienetre-site.png","contentUrl":"https:\/\/la-cle-du-bien-etre.fr\/wp-content\/uploads\/2023\/11\/logo-lacledubienetre-site.png","width":4724,"height":3780,"caption":"La Cl\u00e9 du Bien-\u00eatre"},"image":{"@id":"https:\/\/la-cle-du-bien-etre.fr\/#\/schema\/logo\/image\/"},"sameAs":["https:\/\/www.facebook.com\/profile.php?id=100094429178989","https:\/\/instagram.com\/lacle_du_bienetre?igshid=MTk0NTkyODZkYg=="]}]}},"_links":{"self":[{"href":"https:\/\/la-cle-du-bien-etre.fr\/index.php\/wp-json\/wp\/v2\/pages\/8"}],"collection":[{"href":"https:\/\/la-cle-du-bien-etre.fr\/index.php\/wp-json\/wp\/v2\/pages"}],"about":[{"href":"https:\/\/la-cle-du-bien-etre.fr\/index.php\/wp-json\/wp\/v2\/types\/page"}],"author":[{"embeddable":true,"href":"https:\/\/la-cle-du-bien-etre.fr\/index.php\/wp-json\/wp\/v2\/users\/1"}],"replies":[{"embeddable":true,"href":"https:\/\/la-cle-du-bien-etre.fr\/index.php\/wp-json\/wp\/v2\/comments?post=8"}],"version-history":[{"count":3,"href":"https:\/\/la-cle-du-bien-etre.fr\/index.php\/wp-json\/wp\/v2\/pages\/8\/revisions"}],"predecessor-version":[{"id":11,"href":"https:\/\/la-cle-du-bien-etre.fr\/index.php\/wp-json\/wp\/v2\/pages\/8\/revisions\/11"}],"wp:attachment":[{"href":"https:\/\/la-cle-du-bien-etre.fr\/index.php\/wp-json\/wp\/v2\/media?parent=8"}],"curies":[{"name":"wp","href":"https:\/\/api.w.org\/{rel}","templated":true}]}}